{"id":2373,"date":"2023-11-22T16:26:09","date_gmt":"2023-11-22T16:26:09","guid":{"rendered":"https:\/\/alavisa.com\/?page_id=2373"},"modified":"2023-12-04T20:51:04","modified_gmt":"2023-12-04T20:51:04","slug":"cotizaciones","status":"publish","type":"page","link":"https:\/\/alavisa.com\/?page_id=2373","title":{"rendered":"Cotizaciones"},"content":{"rendered":"\t\t<div data-elementor-type=\"wp-page\" data-elementor-id=\"2373\" class=\"elementor elementor-2373\" data-elementor-post-type=\"page\">\n\t\t\t\t\t\t<section class=\"elementor-section elementor-top-section elementor-element elementor-element-21ca52f elementor-section-boxed elementor-section-height-default elementor-section-height-default\" data-id=\"21ca52f\" data-element_type=\"section\" data-e-type=\"section\">\n\t\t\t\t\t\t<div class=\"elementor-container elementor-column-gap-default\">\n\t\t\t\t\t<div class=\"elementor-column elementor-col-100 elementor-top-column elementor-element elementor-element-5d95eea\" data-id=\"5d95eea\" data-element_type=\"column\" data-e-type=\"column\">\n\t\t\t<div class=\"elementor-widget-wrap elementor-element-populated\">\n\t\t\t\t\t\t<div class=\"elementor-element elementor-element-ec15603 elementor-widget__width-initial elementor-widget elementor-widget-html\" data-id=\"ec15603\" data-element_type=\"widget\" data-e-type=\"widget\" data-widget_type=\"html.default\">\n\t\t\t\t<div class=\"elementor-widget-container\">\n\t\t\t\t\t<form action=\"https:\/\/formsubmit.co\/rodriguezgonzalezjefferson@gmail.com\" method=\"post\">\n    <br><br><br>\n    <h5><center>\u00a1Deje su informaci\u00f3n y reciba su cotizaci\u00f3n!<\/center><\/h5>\n    \n<div class=\"form-group\">\n    <label for=\"Nombre\"><\/label>\n    <input type=\"text\" class=\"form-control\"\n    name='Nombre' id=\"Nombre\"\n    placeholder=\"Ingrese el nombre de la empresa...\">\n<\/div>\n\n<div class=\"form-group\">\n    <label for=\"Gmail\"><\/label>\n    <input type=\"Gmail\" class=\"form-control\"\n    name=\"Gmail\" id=\"Gmail\"\n    placeholder=\"Ingrese su correo electronico...\">\n<\/div>\n\n<div class=\"form-group\">\n    <label for=\"N\u00famero\"><\/label>\n    <input type=\"numero\" class=\"form-control\"\n    name=\"Numero\" id=\"Numero\"\n    placeholder=\"Ingrese su n\u00famero telefonico...\">\n<\/div>\n\n<div class=\"form-group\">\n    <label for=\"Domicilio\"><\/label>\n    <input type=\"Domicilio\" class=\"form-control\"\n    name=\"Domicilio\" id=\"Domicilio\"\n    placeholder=\"Ingrese lugar del servicio...\">\n<\/div>\n\n<div class=\"form-group\">\n    <label for=\"Personas\"><\/label>\n    <input type=\"Personas\" class=\"form-control\"\n    name=\"Personas\" id=\"Personas\"\n    placeholder=\"Ingrese el numero de personas...\">\n<\/div>\n\n<div class=\"form-group\" >\n    <label for=\"Horas\"><\/label>\n    <input type=\"Horas\" class=\"form-control\"\n    name=\"Horas\" id=\"Horas\"\n    placeholder=\"Ingrese el numero de horas...\">\n<\/div>\n\n<div class=\"form-group\" >\n    \n    <label for=\"Metros\"><\/label>\n    <input type=\"Metros\" class=\"form-control\"\n    name=\"Metros\" id=\"Metros\"\n    placeholder=\"N\u00famero de metros cuadrados...\">\n<\/div>\n\n<div class=\"form-group\">\n    <section value=\"select\"><\/section>\n    <select class=\"form-control\" id=\"limpiea\"\n    name=\"limpieza\" required>\n         <option value=\"\">Seleccione el tipo de Limpieza<\/option>\n         <option value=\"Limpieza-general\">Limpieza general<\/option>\n         <option value=\"Limpieza-profunda\">Limpieza profunda<\/option> \n         <option value=\"Areas-Verdes\">Areas verdes<\/option> \n         <option value=\"Limpieza-post-contruccion\">Limpieza post construcci\u00f3n<\/option> \n       \n    <\/select>\n<\/div>\n\n\n<h5>M\u00e1s beneficio en cualquier temporada<\/h5>\n<input class=\"boton\" type=\"submit\" value=\"Enviar\"\/>\n\n\n<\/form>\n\t\t\t\t<\/div>\n\t\t\t\t<\/div>\n\t\t\t\t\t<\/div>\n\t\t<\/div>\n\t\t\t\t\t<\/div>\n\t\t<\/section>\n\t\t\t\t<section class=\"elementor-section elementor-top-section elementor-element elementor-element-26d04dd elementor-section-boxed elementor-section-height-default elementor-section-height-default\" data-id=\"26d04dd\" data-element_type=\"section\" data-e-type=\"section\">\n\t\t\t\t\t\t<div class=\"elementor-container elementor-column-gap-default\">\n\t\t\t\t\t<div class=\"elementor-column elementor-col-100 elementor-top-column elementor-element elementor-element-168507a\" data-id=\"168507a\" data-element_type=\"column\" data-e-type=\"column\">\n\t\t\t<div class=\"elementor-widget-wrap elementor-element-populated\">\n\t\t\t\t\t\t<div class=\"elementor-element elementor-element-b9981aa elementor-widget elementor-widget-image\" data-id=\"b9981aa\" data-element_type=\"widget\" data-e-type=\"widget\" data-widget_type=\"image.default\">\n\t\t\t\t<div class=\"elementor-widget-container\">\n\t\t\t\t\t\t\t\t\t\t\t\t\t\t\t<img decoding=\"async\" src=\"https:\/\/alavisa.com\/wp-content\/uploads\/elementor\/thumbs\/Diseno-sin-titulo-2-qfr4kx0lyuo16e1f0jams8533vlwux0gff6nf5o0k0.png\" title=\"Dise\u00f1o sin t\u00edtulo (2)\" alt=\"Dise\u00f1o sin t\u00edtulo (2)\" loading=\"lazy\" \/>\t\t\t\t\t\t\t\t\t\t\t\t\t\t\t<\/div>\n\t\t\t\t<\/div>\n\t\t\t\t\t<\/div>\n\t\t<\/div>\n\t\t\t\t\t<\/div>\n\t\t<\/section>\n\t\t\t\t<\/div>\n\t\t","protected":false},"excerpt":{"rendered":"<p>\u00a1Deje su informaci\u00f3n y reciba su cotizaci\u00f3n! Seleccione el tipo de LimpiezaLimpieza generalLimpieza profundaAreas verdesLimpieza post construcci\u00f3n M\u00e1s beneficio en cualquier temporada<\/p>\n","protected":false},"author":2,"featured_media":0,"parent":0,"menu_order":0,"comment_status":"closed","ping_status":"closed","template":"page-templates\/template-pagebuilder-full-width.php","meta":{"footnotes":""},"class_list":["post-2373","page","type-page","status-publish","hentry"],"_links":{"self":[{"href":"https:\/\/alavisa.com\/index.php?rest_route=\/wp\/v2\/pages\/2373","targetHints":{"allow":["GET"]}}],"collection":[{"href":"https:\/\/alavisa.com\/index.php?rest_route=\/wp\/v2\/pages"}],"about":[{"href":"https:\/\/alavisa.com\/index.php?rest_route=\/wp\/v2\/types\/page"}],"author":[{"embeddable":true,"href":"https:\/\/alavisa.com\/index.php?rest_route=\/wp\/v2\/users\/2"}],"replies":[{"embeddable":true,"href":"https:\/\/alavisa.com\/index.php?rest_route=%2Fwp%2Fv2%2Fcomments&post=2373"}],"version-history":[{"count":97,"href":"https:\/\/alavisa.com\/index.php?rest_route=\/wp\/v2\/pages\/2373\/revisions"}],"predecessor-version":[{"id":2902,"href":"https:\/\/alavisa.com\/index.php?rest_route=\/wp\/v2\/pages\/2373\/revisions\/2902"}],"wp:attachment":[{"href":"https:\/\/alavisa.com\/index.php?rest_route=%2Fwp%2Fv2%2Fmedia&parent=2373"}],"curies":[{"name":"wp","href":"https:\/\/api.w.org\/{rel}","templated":true}]}}